{"id":2804,"date":"2022-06-28T09:35:21","date_gmt":"2022-06-28T09:35:21","guid":{"rendered":"https:\/\/backend.trinkhalme.de\/?page_id=2804"},"modified":"2023-04-05T20:43:58","modified_gmt":"2023-04-05T20:43:58","slug":"glastrinkhalme","status":"publish","type":"page","link":"https:\/\/backend.trinkhalme.de\/en\/glastrinkhalme\/","title":{"rendered":"Glass drinking straws"},"content":{"rendered":"","protected":false},"excerpt":{"rendered":"","protected":false},"author":2,"featured_media":0,"parent":0,"menu_order":0,"comment_status":"closed","ping_status":"closed","template":"","meta":{"footnotes":""},"class_list":["post-2804","page","type-page","status-publish","hentry"],"yoast_head":"<!-- This site is optimized with the Yoast SEO plugin v26.8 - https:\/\/yoast.com\/product\/yoast-seo-wordpress\/ -->\n<title>Glastrinkhalme &amp; Trinkhalme online kaufen | Trinkhalme.de<\/title>\n<meta name=\"description\" content=\"Glastrinkhalme und Trinkhalme in kurz und lang k\u00f6nnen Sie bei uns im Shop g\u00fcnstig online kaufen f\u00fcr Privat- und Gesch\u00e4ftskunden sowie die Gastronomie.\" \/>\n<meta name=\"robots\" content=\"index, follow, max-snippet:-1, max-image-preview:large, max-video-preview:-1\" \/>\n<link rel=\"canonical\" href=\"https:\/\/backend.trinkhalme.de\/en\/glastrinkhalme\/\" \/>\n<meta property=\"og:locale\" content=\"en_GB\" \/>\n<meta property=\"og:type\" content=\"article\" \/>\n<meta property=\"og:title\" content=\"Glastrinkhalme &amp; Trinkhalme online kaufen | Trinkhalme.de\" \/>\n<meta property=\"og:description\" content=\"Glastrinkhalme und Trinkhalme in kurz und lang k\u00f6nnen Sie bei uns im Shop g\u00fcnstig online kaufen f\u00fcr Privat- und Gesch\u00e4ftskunden sowie die Gastronomie.\" \/>\n<meta property=\"og:url\" content=\"https:\/\/backend.trinkhalme.de\/en\/glastrinkhalme\/\" \/>\n<meta property=\"og:site_name\" content=\"trinkhalme.de\" \/>\n<meta property=\"article:modified_time\" content=\"2023-04-05T20:43:58+00:00\" \/>\n<meta name=\"twitter:card\" content=\"summary_large_image\" \/>\n<script type=\"application\/ld+json\" class=\"yoast-schema-graph\">{\"@context\":\"https:\/\/schema.org\",\"@graph\":[{\"@type\":\"WebPage\",\"@id\":\"https:\/\/backend.trinkhalme.de\/glastrinkhalme\/\",\"url\":\"https:\/\/backend.trinkhalme.de\/glastrinkhalme\/\",\"name\":\"Glastrinkhalme & Trinkhalme online kaufen | Trinkhalme.de\",\"isPartOf\":{\"@id\":\"https:\/\/backend.trinkhalme.de\/#website\"},\"datePublished\":\"2022-06-28T09:35:21+00:00\",\"dateModified\":\"2023-04-05T20:43:58+00:00\",\"description\":\"Glastrinkhalme und Trinkhalme in kurz und lang k\u00f6nnen Sie bei uns im Shop g\u00fcnstig online kaufen f\u00fcr Privat- und Gesch\u00e4ftskunden sowie die Gastronomie.\",\"breadcrumb\":{\"@id\":\"https:\/\/backend.trinkhalme.de\/glastrinkhalme\/#breadcrumb\"},\"inLanguage\":\"en-GB\",\"potentialAction\":[{\"@type\":\"ReadAction\",\"target\":[\"https:\/\/backend.trinkhalme.de\/glastrinkhalme\/\"]}]},{\"@type\":\"BreadcrumbList\",\"@id\":\"https:\/\/backend.trinkhalme.de\/glastrinkhalme\/#breadcrumb\",\"itemListElement\":[{\"@type\":\"ListItem\",\"position\":1,\"name\":\"Home\",\"item\":\"https:\/\/backend.trinkhalme.de\/\"},{\"@type\":\"ListItem\",\"position\":2,\"name\":\"Glastrinkhalme\"}]},{\"@type\":\"WebSite\",\"@id\":\"https:\/\/backend.trinkhalme.de\/#website\",\"url\":\"https:\/\/backend.trinkhalme.de\/\",\"name\":\"trinkhalme.de\",\"description\":\"Produzent &amp; Spezialist\",\"publisher\":{\"@id\":\"https:\/\/backend.trinkhalme.de\/#organization\"},\"potentialAction\":[{\"@type\":\"SearchAction\",\"target\":{\"@type\":\"EntryPoint\",\"urlTemplate\":\"https:\/\/backend.trinkhalme.de\/?s={search_term_string}\"},\"query-input\":{\"@type\":\"PropertyValueSpecification\",\"valueRequired\":true,\"valueName\":\"search_term_string\"}}],\"inLanguage\":\"en-GB\"},{\"@type\":\"Organization\",\"@id\":\"https:\/\/backend.trinkhalme.de\/#organization\",\"name\":\"trinkhalme.de\",\"url\":\"https:\/\/backend.trinkhalme.de\/\",\"logo\":{\"@type\":\"ImageObject\",\"inLanguage\":\"en-GB\",\"@id\":\"https:\/\/backend.trinkhalme.de\/#\/schema\/logo\/image\/\",\"url\":\"https:\/\/backend.trinkhalme.de\/wp-content\/uploads\/2021\/08\/cropped-logo.png\",\"contentUrl\":\"https:\/\/backend.trinkhalme.de\/wp-content\/uploads\/2021\/08\/cropped-logo.png\",\"width\":187,\"height\":75,\"caption\":\"trinkhalme.de\"},\"image\":{\"@id\":\"https:\/\/backend.trinkhalme.de\/#\/schema\/logo\/image\/\"}}]}<\/script>\n<!-- \/ Yoast SEO plugin. -->","yoast_head_json":{"title":"Glass drinking straws &amp; drinking straws buy online | Trinkhalme.de","description":"You can buy glass drinking straws, and drinking straws in short and long lengths, at low prices online from our shop, for private and business customers, as well as for the hospitality industry.","robots":{"index":"index","follow":"follow","max-snippet":"max-snippet:-1","max-image-preview":"max-image-preview:large","max-video-preview":"max-video-preview:-1"},"canonical":"https:\/\/backend.trinkhalme.de\/en\/glastrinkhalme\/","og_locale":"en_GB","og_type":"article","og_title":"Glastrinkhalme & Trinkhalme online kaufen | Trinkhalme.de","og_description":"Glastrinkhalme und Trinkhalme in kurz und lang k\u00f6nnen Sie bei uns im Shop g\u00fcnstig online kaufen f\u00fcr Privat- und Gesch\u00e4ftskunden sowie die Gastronomie.","og_url":"https:\/\/backend.trinkhalme.de\/en\/glastrinkhalme\/","og_site_name":"trinkhalme.de","article_modified_time":"2023-04-05T20:43:58+00:00","twitter_card":"summary_large_image","schema":{"@context":"https:\/\/schema.org","@graph":[{"@type":"WebPage","@id":"https:\/\/backend.trinkhalme.de\/glastrinkhalme\/","url":"https:\/\/backend.trinkhalme.de\/glastrinkhalme\/","name":"Glass drinking straws &amp; drinking straws buy online | Trinkhalme.de","isPartOf":{"@id":"https:\/\/backend.trinkhalme.de\/#website"},"datePublished":"2022-06-28T09:35:21+00:00","dateModified":"2023-04-05T20:43:58+00:00","description":"You can buy glass drinking straws, and drinking straws in short and long lengths, at low prices online from our shop, for private and business customers, as well as for the hospitality industry.","breadcrumb":{"@id":"https:\/\/backend.trinkhalme.de\/glastrinkhalme\/#breadcrumb"},"inLanguage":"en-GB","potentialAction":[{"@type":"ReadAction","target":["https:\/\/backend.trinkhalme.de\/glastrinkhalme\/"]}]},{"@type":"BreadcrumbList","@id":"https:\/\/backend.trinkhalme.de\/glastrinkhalme\/#breadcrumb","itemListElement":[{"@type":"ListItem","position":1,"name":"Home","item":"https:\/\/backend.trinkhalme.de\/"},{"@type":"ListItem","position":2,"name":"Glastrinkhalme"}]},{"@type":"WebSite","@id":"https:\/\/backend.trinkhalme.de\/#website","url":"https:\/\/backend.trinkhalme.de\/","name":"straws.com","description":"Producer &amp; Specialist","publisher":{"@id":"https:\/\/backend.trinkhalme.de\/#organization"},"potentialAction":[{"@type":"SearchAction","target":{"@type":"EntryPoint","urlTemplate":"https:\/\/backend.trinkhalme.de\/?s={search_term_string}"},"query-input":{"@type":"PropertyValueSpecification","valueRequired":true,"valueName":"search_term_string"}}],"inLanguage":"en-GB"},{"@type":"Organization","@id":"https:\/\/backend.trinkhalme.de\/#organization","name":"straws.com","url":"https:\/\/backend.trinkhalme.de\/","logo":{"@type":"ImageObject","inLanguage":"en-GB","@id":"https:\/\/backend.trinkhalme.de\/#\/schema\/logo\/image\/","url":"https:\/\/backend.trinkhalme.de\/wp-content\/uploads\/2021\/08\/cropped-logo.png","contentUrl":"https:\/\/backend.trinkhalme.de\/wp-content\/uploads\/2021\/08\/cropped-logo.png","width":187,"height":75,"caption":"trinkhalme.de"},"image":{"@id":"https:\/\/backend.trinkhalme.de\/#\/schema\/logo\/image\/"}}]}},"_links":{"self":[{"href":"https:\/\/backend.trinkhalme.de\/en\/wp-json\/wp\/v2\/pages\/2804","targetHints":{"allow":["GET"]}}],"collection":[{"href":"https:\/\/backend.trinkhalme.de\/en\/wp-json\/wp\/v2\/pages"}],"about":[{"href":"https:\/\/backend.trinkhalme.de\/en\/wp-json\/wp\/v2\/types\/page"}],"author":[{"embeddable":true,"href":"https:\/\/backend.trinkhalme.de\/en\/wp-json\/wp\/v2\/users\/2"}],"replies":[{"embeddable":true,"href":"https:\/\/backend.trinkhalme.de\/en\/wp-json\/wp\/v2\/comments?post=2804"}],"version-history":[{"count":1,"href":"https:\/\/backend.trinkhalme.de\/en\/wp-json\/wp\/v2\/pages\/2804\/revisions"}],"predecessor-version":[{"id":2806,"href":"https:\/\/backend.trinkhalme.de\/en\/wp-json\/wp\/v2\/pages\/2804\/revisions\/2806"}],"wp:attachment":[{"href":"https:\/\/backend.trinkhalme.de\/en\/wp-json\/wp\/v2\/media?parent=2804"}],"curies":[{"name":"wp","href":"https:\/\/api.w.org\/{rel}","templated":true}]}}