{"id":3239,"date":"2026-02-27T12:00:55","date_gmt":"2026-02-27T12:00:55","guid":{"rendered":"https:\/\/backend.trinkhalme.de\/?page_id=3239"},"modified":"2026-02-27T13:16:23","modified_gmt":"2026-02-27T13:16:23","slug":"nextlevel-biohalm","status":"publish","type":"page","link":"https:\/\/backend.trinkhalme.de\/en\/nextlevel-biohalm\/","title":{"rendered":"NextLevel Biohalm"},"content":{"rendered":"","protected":false},"excerpt":{"rendered":"","protected":false},"author":7,"featured_media":0,"parent":0,"menu_order":0,"comment_status":"closed","ping_status":"closed","template":"","meta":{"footnotes":""},"class_list":["post-3239","page","type-page","status-publish","hentry"],"yoast_head":"<!-- This site is optimized with the Yoast SEO plugin v26.8 - https:\/\/yoast.com\/product\/yoast-seo-wordpress\/ -->\n<title>NextLevel BioHalm Neuheit 2026 bei trinkhalme.de<\/title>\n<meta name=\"description\" content=\"Der NextLevel BioHalm: extrem strapazierf\u00e4hig, lange lagerbar, gartenkompostierbar, hitzebest\u00e4ndig, sp\u00fclmaschinentauglich, fairer Preis\" \/>\n<meta name=\"robots\" content=\"index, follow, max-snippet:-1, max-image-preview:large, max-video-preview:-1\" \/>\n<link rel=\"canonical\" href=\"https:\/\/backend.trinkhalme.de\/en\/nextlevel-biohalm\/\" \/>\n<meta property=\"og:locale\" content=\"en_GB\" \/>\n<meta property=\"og:type\" content=\"article\" \/>\n<meta property=\"og:title\" content=\"NextLevel BioHalm Neuheit 2026 bei trinkhalme.de\" \/>\n<meta property=\"og:description\" content=\"Der NextLevel BioHalm: extrem strapazierf\u00e4hig, lange lagerbar, gartenkompostierbar, hitzebest\u00e4ndig, sp\u00fclmaschinentauglich, fairer Preis\" \/>\n<meta property=\"og:url\" content=\"https:\/\/backend.trinkhalme.de\/en\/nextlevel-biohalm\/\" \/>\n<meta property=\"og:site_name\" content=\"trinkhalme.de\" \/>\n<meta property=\"article:modified_time\" content=\"2026-02-27T13:16:23+00:00\" \/>\n<meta name=\"twitter:card\" content=\"summary_large_image\" \/>\n<meta name=\"twitter:label1\" content=\"Estimated reading time\" \/>\n\t<meta name=\"twitter:data1\" content=\"4 minutes\" \/>\n<script type=\"application\/ld+json\" class=\"yoast-schema-graph\">{\"@context\":\"https:\/\/schema.org\",\"@graph\":[{\"@type\":\"WebPage\",\"@id\":\"https:\/\/backend.trinkhalme.de\/nextlevel-biohalm\/\",\"url\":\"https:\/\/backend.trinkhalme.de\/nextlevel-biohalm\/\",\"name\":\"NextLevel BioHalm Neuheit 2026 bei trinkhalme.de\",\"isPartOf\":{\"@id\":\"https:\/\/backend.trinkhalme.de\/#website\"},\"datePublished\":\"2026-02-27T12:00:55+00:00\",\"dateModified\":\"2026-02-27T13:16:23+00:00\",\"description\":\"Der NextLevel BioHalm: extrem strapazierf\u00e4hig, lange lagerbar, gartenkompostierbar, hitzebest\u00e4ndig, sp\u00fclmaschinentauglich, fairer Preis\",\"breadcrumb\":{\"@id\":\"https:\/\/backend.trinkhalme.de\/nextlevel-biohalm\/#breadcrumb\"},\"inLanguage\":\"en-GB\",\"potentialAction\":[{\"@type\":\"ReadAction\",\"target\":[\"https:\/\/backend.trinkhalme.de\/nextlevel-biohalm\/\"]}]},{\"@type\":\"BreadcrumbList\",\"@id\":\"https:\/\/backend.trinkhalme.de\/nextlevel-biohalm\/#breadcrumb\",\"itemListElement\":[{\"@type\":\"ListItem\",\"position\":1,\"name\":\"Home\",\"item\":\"https:\/\/backend.trinkhalme.de\/\"},{\"@type\":\"ListItem\",\"position\":2,\"name\":\"NextLevel Biohalm\"}]},{\"@type\":\"WebSite\",\"@id\":\"https:\/\/backend.trinkhalme.de\/#website\",\"url\":\"https:\/\/backend.trinkhalme.de\/\",\"name\":\"trinkhalme.de\",\"description\":\"Produzent &amp; Spezialist\",\"publisher\":{\"@id\":\"https:\/\/backend.trinkhalme.de\/#organization\"},\"potentialAction\":[{\"@type\":\"SearchAction\",\"target\":{\"@type\":\"EntryPoint\",\"urlTemplate\":\"https:\/\/backend.trinkhalme.de\/?s={search_term_string}\"},\"query-input\":{\"@type\":\"PropertyValueSpecification\",\"valueRequired\":true,\"valueName\":\"search_term_string\"}}],\"inLanguage\":\"en-GB\"},{\"@type\":\"Organization\",\"@id\":\"https:\/\/backend.trinkhalme.de\/#organization\",\"name\":\"trinkhalme.de\",\"url\":\"https:\/\/backend.trinkhalme.de\/\",\"logo\":{\"@type\":\"ImageObject\",\"inLanguage\":\"en-GB\",\"@id\":\"https:\/\/backend.trinkhalme.de\/#\/schema\/logo\/image\/\",\"url\":\"https:\/\/backend.trinkhalme.de\/wp-content\/uploads\/2021\/08\/cropped-logo.png\",\"contentUrl\":\"https:\/\/backend.trinkhalme.de\/wp-content\/uploads\/2021\/08\/cropped-logo.png\",\"width\":187,\"height\":75,\"caption\":\"trinkhalme.de\"},\"image\":{\"@id\":\"https:\/\/backend.trinkhalme.de\/#\/schema\/logo\/image\/\"}}]}<\/script>\n<!-- \/ Yoast SEO plugin. -->","yoast_head_json":{"title":"NextLevel BioHalm New in 2026 at trinkhalme.de","description":"The NextLevel BioStraw: extremely durable, long shelf life, garden compostable, heat-resistant, dishwasher-safe, fair price","robots":{"index":"index","follow":"follow","max-snippet":"max-snippet:-1","max-image-preview":"max-image-preview:large","max-video-preview":"max-video-preview:-1"},"canonical":"https:\/\/backend.trinkhalme.de\/en\/nextlevel-biohalm\/","og_locale":"en_GB","og_type":"article","og_title":"NextLevel BioHalm Neuheit 2026 bei trinkhalme.de","og_description":"Der NextLevel BioHalm: extrem strapazierf\u00e4hig, lange lagerbar, gartenkompostierbar, hitzebest\u00e4ndig, sp\u00fclmaschinentauglich, fairer Preis","og_url":"https:\/\/backend.trinkhalme.de\/en\/nextlevel-biohalm\/","og_site_name":"trinkhalme.de","article_modified_time":"2026-02-27T13:16:23+00:00","twitter_card":"summary_large_image","twitter_misc":{"Estimated reading time":"4 minutes"},"schema":{"@context":"https:\/\/schema.org","@graph":[{"@type":"WebPage","@id":"https:\/\/backend.trinkhalme.de\/nextlevel-biohalm\/","url":"https:\/\/backend.trinkhalme.de\/nextlevel-biohalm\/","name":"NextLevel BioHalm New in 2026 at trinkhalme.de","isPartOf":{"@id":"https:\/\/backend.trinkhalme.de\/#website"},"datePublished":"2026-02-27T12:00:55+00:00","dateModified":"2026-02-27T13:16:23+00:00","description":"The NextLevel BioStraw: extremely durable, long shelf life, garden compostable, heat-resistant, dishwasher-safe, fair price","breadcrumb":{"@id":"https:\/\/backend.trinkhalme.de\/nextlevel-biohalm\/#breadcrumb"},"inLanguage":"en-GB","potentialAction":[{"@type":"ReadAction","target":["https:\/\/backend.trinkhalme.de\/nextlevel-biohalm\/"]}]},{"@type":"BreadcrumbList","@id":"https:\/\/backend.trinkhalme.de\/nextlevel-biohalm\/#breadcrumb","itemListElement":[{"@type":"ListItem","position":1,"name":"Home","item":"https:\/\/backend.trinkhalme.de\/"},{"@type":"ListItem","position":2,"name":"NextLevel Biohalm"}]},{"@type":"WebSite","@id":"https:\/\/backend.trinkhalme.de\/#website","url":"https:\/\/backend.trinkhalme.de\/","name":"straws.com","description":"Producer &amp; Specialist","publisher":{"@id":"https:\/\/backend.trinkhalme.de\/#organization"},"potentialAction":[{"@type":"SearchAction","target":{"@type":"EntryPoint","urlTemplate":"https:\/\/backend.trinkhalme.de\/?s={search_term_string}"},"query-input":{"@type":"PropertyValueSpecification","valueRequired":true,"valueName":"search_term_string"}}],"inLanguage":"en-GB"},{"@type":"Organization","@id":"https:\/\/backend.trinkhalme.de\/#organization","name":"straws.com","url":"https:\/\/backend.trinkhalme.de\/","logo":{"@type":"ImageObject","inLanguage":"en-GB","@id":"https:\/\/backend.trinkhalme.de\/#\/schema\/logo\/image\/","url":"https:\/\/backend.trinkhalme.de\/wp-content\/uploads\/2021\/08\/cropped-logo.png","contentUrl":"https:\/\/backend.trinkhalme.de\/wp-content\/uploads\/2021\/08\/cropped-logo.png","width":187,"height":75,"caption":"trinkhalme.de"},"image":{"@id":"https:\/\/backend.trinkhalme.de\/#\/schema\/logo\/image\/"}}]}},"_links":{"self":[{"href":"https:\/\/backend.trinkhalme.de\/en\/wp-json\/wp\/v2\/pages\/3239","targetHints":{"allow":["GET"]}}],"collection":[{"href":"https:\/\/backend.trinkhalme.de\/en\/wp-json\/wp\/v2\/pages"}],"about":[{"href":"https:\/\/backend.trinkhalme.de\/en\/wp-json\/wp\/v2\/types\/page"}],"author":[{"embeddable":true,"href":"https:\/\/backend.trinkhalme.de\/en\/wp-json\/wp\/v2\/users\/7"}],"replies":[{"embeddable":true,"href":"https:\/\/backend.trinkhalme.de\/en\/wp-json\/wp\/v2\/comments?post=3239"}],"version-history":[{"count":1,"href":"https:\/\/backend.trinkhalme.de\/en\/wp-json\/wp\/v2\/pages\/3239\/revisions"}],"predecessor-version":[{"id":3240,"href":"https:\/\/backend.trinkhalme.de\/en\/wp-json\/wp\/v2\/pages\/3239\/revisions\/3240"}],"wp:attachment":[{"href":"https:\/\/backend.trinkhalme.de\/en\/wp-json\/wp\/v2\/media?parent=3239"}],"curies":[{"name":"wp","href":"https:\/\/api.w.org\/{rel}","templated":true}]}}